{"id":6,"date":"2022-10-22T09:05:39","date_gmt":"2022-10-22T09:05:39","guid":{"rendered":"http:\/\/127.0.0.1\/?page_id=2"},"modified":"2022-11-13T05:48:54","modified_gmt":"2022-11-13T05:48:54","slug":"sample-page-2","status":"publish","type":"page","link":"https:\/\/www.geoservicekft.hu\/","title":{"rendered":"Geoservice Kft"},"content":{"rendered":"\n<p>1955-ben alakult meg miskolci sz\u00e9khellyel az a geofizikai szolg\u00e1ltat, amely c\u00e9g\u00fcnk alap\u00edt\u00e1s\u00e1t\u00f3l, 1990. \u00f3ta Geoservice Kft. (Geoservice Geofizikai, Geol\u00f3giai \u00e9s K\u00fatszelv\u00e9nyez\u0151 Korl\u00e1tolt Felel\u0151ss\u00e9g\u0171 T\u00e1rsas\u00e1g) n\u00e9ven jogfolytonosan v\u00e9gzi tev\u00e9kenys\u00e9g\u00e9t.<br>Az \u00e9vtizedek sor\u00e1n a kutat\u00e1si feladatok \u00e9s a hangs\u00falyok m\u00f3dosultak, de az alap v\u00e1ltozatlan: m\u0171szeres geofizikai m\u00e9r\u00e9sek v\u00e9gz\u00e9se kutat\u00f3f\u00far\u00e1sokban (m\u00e9lyf\u00far\u00e1si geofizika), illetve kutakban (k\u00fatvizsg\u00e1lat). Az eltelt t\u00f6bb mint \u00f6t \u00e9vtized alatt folyamatos fejl\u0151d\u00e9s ment v\u00e9gbe, m\u00e1ra a teljes vertikum digit\u00e1lis ki\u00e9p\u00edtetts\u00e9g\u0171 (szond\u00e1k, m\u00e9r\u00e9s, feldolgoz\u00e1s, dokument\u00e1ci\u00f3).<br>A XX. sz\u00e1zad v\u00e9g\u00e9n a Geoservice Kft. is kapcsol\u00f3dott a felcsepered\u0151 numerikus hidrodinamikai modellez\u00e9s hazai bevezet\u00e9s\u00e9hez, ma m\u00e1r a hidrodinamikai, termohidrodinamikai \u00e9s szennyez\u0151d\u00e9s terjed\u00e9si modellez\u00e9st rutinszer\u0171en v\u00e9gezz\u00fck (Modflow, Feflow).<br>Szint\u00e9n tev\u00e9kenys\u00e9g\u00fcnk szerves r\u00e9sz\u00e9v\u00e9 v\u00e1lt az iv\u00f3v\u00edzb\u00e1zis diagnosztikai munk\u00e1k v\u00e9gz\u00e9se, ak\u00e1rcsak az iv\u00f3v\u00edz, h\u00e9v\u00edz, geoterm\u00e1lis v\u00edztermel\u0151 rendszerek tervez\u00e9se, szimul\u00e1ci\u00f3ja, enged\u00e9lyeztet\u00e9se; gyakorta kapunk megb\u00edz\u00e1st a k\u00fat\u00e9p\u00edt\u00e9si tev\u00e9kenys\u00e9g m\u0171szaki ellen\u0151rz\u00e9s feladat\u00e1nak ell\u00e1t\u00e1s\u00e1ra.<br>K\u00fcl\u00f6n megeml\u00edtj\u00fck a digit\u00e1lis lyuktelev\u00edzi\u00f3s kapacit\u00e1sunkat, mellyel nemcsak a szok\u00e1sos, hanem sz\u00e1mos speci\u00e1lis optikai feladat ell\u00e1t\u00e1s\u00e1ra is alkalmass\u00e1 v\u00e1ltunk.<br>Nagy hangs\u00falyt fektet\u00fcnk a trad\u00edci\u00f3k \u00e1pol\u00e1s\u00e1ra: t\u00f6bb gener\u00e1ci\u00f3 tud\u00e1s\u00e1t, tapasztalat\u00e1t \u00e1tv\u00e9ve, k\u00e9pess\u00e9geink szerint gyarap\u00edtjuk, a fiatalabb gener\u00e1ci\u00f3k folyamatosan kapcsol\u00f3dnak be c\u00e9g\u00fcnk tev\u00e9kenys\u00e9g\u00e9be.<br>A Miskolci Egyetem k\u00f6zels\u00e9g\u00e9b\u0151l ad\u00f3d\u00f3 el\u0151ny\u00f6ket igyeksz\u00fcnk kihaszn\u00e1lni, \u00e9s lehet\u0151s\u00e9geink szerint k\u00f6lcs\u00f6n\u00f6ss\u00e9 tenni azt.<br>A k\u00f6zleked\u00e9s fejl\u0151d\u00e9se a Felvid\u00e9k, a Partium el\u00e9rhet\u0151s\u00e9ge f\u00f6ldrajzi \u00e9rtelm\u0171 hat\u00f3t\u00e1vols\u00e1g\u00e1t megn\u00f6velte, \u00faj, hasznos kapcsolatok alakultak ki.<br>A v\u00e1ltoz\u00f3 viszonyokhoz val\u00f3 folyamatos eredm\u00e9nyes megfelel\u00e9s, a munkaell\u00e1totts\u00e1g viszonylagos egyenletess\u00e9ge, a t\u00f6bb ezer j\u00f3l megoldott feladat re\u00e1lis j\u00f6v\u0151k\u00e9pet ny\u00fajt sz\u00e1munkra, tev\u00e9kenys\u00e9g\u00fcnket a hossz\u00fat\u00e1v\u00fa fennmarad\u00e1s szellem\u00e9ben v\u00e9gezz\u00fck: a beruh\u00e1z\u00e1s, a fejleszt\u00e9s, a tanul\u00e1s \u00e1lland\u00f3 feladat.<br>Rem\u00e9lj\u00fck, honlapunk hiteles bepillant\u00e1st ny\u00fajt tev\u00e9kenys\u00e9g\u00fcnkbe.<\/p>\n\n\n\n<p>K\u00f6sz\u00f6nj\u00fck megtisztel\u0151 figyelm\u00e9t, j\u00f3 b\u00f6ng\u00e9sz\u00e9st k\u00edv\u00e1nunk!<\/p>\n\n\n\n<p>Tisztelettel:<br>Kerbolt Tam\u00e1s<br>\u00fcgyvezet\u0151<\/p>\n","protected":false},"excerpt":{"rendered":"<p>1955-ben alakult meg miskolci sz\u00e9khellyel az a geofizikai szolg\u00e1ltat, amely c\u00e9g\u00fcnk alap\u00edt\u00e1s\u00e1t\u00f3l, 1990. \u00f3ta Geoservice Kft. (Geoservice Geofizikai, Geol\u00f3giai \u00e9s K\u00fatszelv\u00e9nyez\u0151 Korl\u00e1tolt Felel\u0151ss\u00e9g\u0171 T\u00e1rsas\u00e1g) n\u00e9ven jogfolytonosan v\u00e9gzi tev\u00e9kenys\u00e9g\u00e9t.Az \u00e9vtizedek sor\u00e1n a kutat\u00e1si feladatok \u00e9s a hangs\u00falyok m\u00f3dosultak, de az alap v\u00e1ltozatlan: m\u0171szeres geofizikai m\u00e9r\u00e9sek v\u00e9gz\u00e9se kutat\u00f3f\u00far\u00e1sokban (m\u00e9lyf\u00far\u00e1si geofizika), illetve kutakban [&hellip;]<\/p>\n","protected":false},"author":1,"featured_media":0,"parent":0,"menu_order":0,"comment_status":"closed","ping_status":"open","template":"","meta":{"footnotes":""},"class_list":["post-6","page","type-page","status-publish","hentry"],"_links":{"self":[{"href":"https:\/\/www.geoservicekft.hu\/index.php?rest_route=\/wp\/v2\/pages\/6","targetHints":{"allow":["GET"]}}],"collection":[{"href":"https:\/\/www.geoservicekft.hu\/index.php?rest_route=\/wp\/v2\/pages"}],"about":[{"href":"https:\/\/www.geoservicekft.hu\/index.php?rest_route=\/wp\/v2\/types\/page"}],"author":[{"embeddable":true,"href":"https:\/\/www.geoservicekft.hu\/index.php?rest_route=\/wp\/v2\/users\/1"}],"replies":[{"embeddable":true,"href":"https:\/\/www.geoservicekft.hu\/index.php?rest_route=%2Fwp%2Fv2%2Fcomments&post=6"}],"version-history":[{"count":1,"href":"https:\/\/www.geoservicekft.hu\/index.php?rest_route=\/wp\/v2\/pages\/6\/revisions"}],"predecessor-version":[{"id":65,"href":"https:\/\/www.geoservicekft.hu\/index.php?rest_route=\/wp\/v2\/pages\/6\/revisions\/65"}],"wp:attachment":[{"href":"https:\/\/www.geoservicekft.hu\/index.php?rest_route=%2Fwp%2Fv2%2Fmedia&parent=6"}],"curies":[{"name":"wp","href":"https:\/\/api.w.org\/{rel}","templated":true}]}}