{"id":41,"date":"2022-10-23T09:28:36","date_gmt":"2022-10-23T09:28:36","guid":{"rendered":"https:\/\/wordpress-fnyerges-dev.apps.sandbox-m2.ll9k.p1.openshiftapps.com\/?page_id=41"},"modified":"2022-10-23T09:28:36","modified_gmt":"2022-10-23T09:28:36","slug":"hevizkutatas","status":"publish","type":"page","link":"https:\/\/www.geoservicekft.hu\/?page_id=41","title":{"rendered":"H\u00e9v\u00edzkutat\u00e1s"},"content":{"rendered":"\n<p>H\u00e9v\u00edzkutat\u00e1s \u2013 Geotermika \u2013 H\u0151transzport<\/p>\n\n\n\n<p>Az orsz\u00e1gban egyed\u00fcl\u00e1ll\u00f3 m\u00f3don foglalkozunk h\u00e9vizek kutat\u00e1s\u00e1val, h\u00e9v\u00edzkutak m\u0171szeres vizsg\u00e1lat\u00e1val, \u00e9s egyidej\u0171leg a h\u00e9v\u00edzkutak hidrodinamikai \u00e9s geotermikus v\u00e9d\u0151idom\u00e1nak meghat\u00e1roz\u00e1s\u00e1val:<\/p>\n","protected":false},"excerpt":{"rendered":"<p>H\u00e9v\u00edzkutat\u00e1s \u2013 Geotermika \u2013 H\u0151transzport Az orsz\u00e1gban egyed\u00fcl\u00e1ll\u00f3 m\u00f3don foglalkozunk h\u00e9vizek kutat\u00e1s\u00e1val, h\u00e9v\u00edzkutak m\u0171szeres vizsg\u00e1lat\u00e1val, \u00e9s egyidej\u0171leg a h\u00e9v\u00edzkutak hidrodinamikai \u00e9s geotermikus v\u00e9d\u0151idom\u00e1nak meghat\u00e1roz\u00e1s\u00e1val:<\/p>\n","protected":false},"author":1,"featured_media":0,"parent":0,"menu_order":0,"comment_status":"closed","ping_status":"closed","template":"","meta":{"footnotes":""},"class_list":["post-41","page","type-page","status-publish","hentry"],"_links":{"self":[{"href":"https:\/\/www.geoservicekft.hu\/index.php?rest_route=\/wp\/v2\/pages\/41","targetHints":{"allow":["GET"]}}],"collection":[{"href":"https:\/\/www.geoservicekft.hu\/index.php?rest_route=\/wp\/v2\/pages"}],"about":[{"href":"https:\/\/www.geoservicekft.hu\/index.php?rest_route=\/wp\/v2\/types\/page"}],"author":[{"embeddable":true,"href":"https:\/\/www.geoservicekft.hu\/index.php?rest_route=\/wp\/v2\/users\/1"}],"replies":[{"embeddable":true,"href":"https:\/\/www.geoservicekft.hu\/index.php?rest_route=%2Fwp%2Fv2%2Fcomments&post=41"}],"version-history":[{"count":0,"href":"https:\/\/www.geoservicekft.hu\/index.php?rest_route=\/wp\/v2\/pages\/41\/revisions"}],"wp:attachment":[{"href":"https:\/\/www.geoservicekft.hu\/index.php?rest_route=%2Fwp%2Fv2%2Fmedia&parent=41"}],"curies":[{"name":"wp","href":"https:\/\/api.w.org\/{rel}","templated":true}]}}