{"id":36,"date":"2022-10-23T09:26:04","date_gmt":"2022-10-23T09:26:04","guid":{"rendered":"https:\/\/wordpress-fnyerges-dev.apps.sandbox-m2.ll9k.p1.openshiftapps.com\/?page_id=36"},"modified":"2022-10-23T09:26:04","modified_gmt":"2022-10-23T09:26:04","slug":"hidrodinamikai-vizsgalat","status":"publish","type":"page","link":"https:\/\/www.geoservicekft.hu\/?page_id=36","title":{"rendered":"Hidrodinamikai vizsg\u00e1lat"},"content":{"rendered":"\n<p>\u00daj kutakn\u00e1l k\u00f6telez\u0151 jelleggel, r\u00e9giekn\u00e9l \u00e1llapotfelm\u00e9r\u0151, illetve hibafelt\u00e1r\u00e1si c\u00e9llal.<\/p>\n\n\n\n<p>Hidegvizes k\u00fat: j\u00e1rhat\u00f3s\u00e1g, talp, \u00e1tm\u00e9r\u0151, \u00e1raml\u00e1si viszonyok, Q-H g\u00f6rbe, visszat\u00f6lt\u0151d\u00e9s m\u00e9r\u00e9s, talph\u0151, k\u00fathat\u00e9konys\u00e1g sz\u00e1m\u00edt\u00e1s, v\u00edz- g\u00e1zk\u00e9mia, t\u00f6bb sz\u0171r\u0151s kutakn\u00e1l szepar\u00e1lt m\u00e9lys\u00e9gi v\u00edzmintav\u00e9tel. (P\u00e9ldaszelv\u00e9ny)<\/p>\n\n\n\n<p>Term\u00e1lkutakn\u00e1l: a fentieken t\u00falmen\u0151en folyamatos termoszelv\u00e9nyez\u00e9s, folyamatos m\u00e9lys\u00e9gi nyom\u00e1sszelv\u00e9nyez\u00e9s, bubor\u00e9kpont meghat\u00e1roz\u00e1s, m\u00e9lys\u00e9gi nyom\u00e1semelked\u00e9s, mintav\u00e9telek. (P\u00e9ldaszelv\u00e9ny 1, p\u00e9ldaszelv\u00e9ny 2)<\/p>\n\n\n\n<p>Javasolt a k\u00fatszerkezet m\u0171szeres ellen\u0151rz\u00e9se \u00faj kutak vizsg\u00e1latakor is: \u00e1tm\u00e9r\u0151k, cs\u0151k\u00f6t\u00e9sek, sz\u0171r\u0151k, kavicsol\u00e1s magass\u00e1ga, cementez\u00e9sek j\u00f3s\u00e1ga, t\u00e9nyleges talpm\u00e9lys\u00e9g, lyuktelev\u00edzi\u00f3s m\u00e9r\u00e9sek, stb.<\/p>\n\n\n\n<p>A hidrodinamikai vizsg\u00e1latok k\u00f6z\u00e9 soroljuk az \u00e1ll\u00f3 k\u00faton bel\u00fcl v\u00e9gbemen\u0151 \u00e1tfejt\u0151d\u00e9sek vizsg\u00e1lat\u00e1t, ill. 2 v. t\u00f6bb k\u00fat k\u00f6z\u00f6tti egym\u00e1srahat\u00e1sos vizsg\u00e1latot is.<\/p>\n","protected":false},"excerpt":{"rendered":"<p>\u00daj kutakn\u00e1l k\u00f6telez\u0151 jelleggel, r\u00e9giekn\u00e9l \u00e1llapotfelm\u00e9r\u0151, illetve hibafelt\u00e1r\u00e1si c\u00e9llal. Hidegvizes k\u00fat: j\u00e1rhat\u00f3s\u00e1g, talp, \u00e1tm\u00e9r\u0151, \u00e1raml\u00e1si viszonyok, Q-H g\u00f6rbe, visszat\u00f6lt\u0151d\u00e9s m\u00e9r\u00e9s, talph\u0151, k\u00fathat\u00e9konys\u00e1g sz\u00e1m\u00edt\u00e1s, v\u00edz- g\u00e1zk\u00e9mia, t\u00f6bb sz\u0171r\u0151s kutakn\u00e1l szepar\u00e1lt m\u00e9lys\u00e9gi v\u00edzmintav\u00e9tel. (P\u00e9ldaszelv\u00e9ny) Term\u00e1lkutakn\u00e1l: a fentieken t\u00falmen\u0151en folyamatos termoszelv\u00e9nyez\u00e9s, folyamatos m\u00e9lys\u00e9gi nyom\u00e1sszelv\u00e9nyez\u00e9s, bubor\u00e9kpont meghat\u00e1roz\u00e1s, m\u00e9lys\u00e9gi nyom\u00e1semelked\u00e9s, mintav\u00e9telek. (P\u00e9ldaszelv\u00e9ny 1, p\u00e9ldaszelv\u00e9ny 2) [&hellip;]<\/p>\n","protected":false},"author":1,"featured_media":0,"parent":0,"menu_order":0,"comment_status":"closed","ping_status":"closed","template":"","meta":{"footnotes":""},"class_list":["post-36","page","type-page","status-publish","hentry"],"_links":{"self":[{"href":"https:\/\/www.geoservicekft.hu\/index.php?rest_route=\/wp\/v2\/pages\/36","targetHints":{"allow":["GET"]}}],"collection":[{"href":"https:\/\/www.geoservicekft.hu\/index.php?rest_route=\/wp\/v2\/pages"}],"about":[{"href":"https:\/\/www.geoservicekft.hu\/index.php?rest_route=\/wp\/v2\/types\/page"}],"author":[{"embeddable":true,"href":"https:\/\/www.geoservicekft.hu\/index.php?rest_route=\/wp\/v2\/users\/1"}],"replies":[{"embeddable":true,"href":"https:\/\/www.geoservicekft.hu\/index.php?rest_route=%2Fwp%2Fv2%2Fcomments&post=36"}],"version-history":[{"count":0,"href":"https:\/\/www.geoservicekft.hu\/index.php?rest_route=\/wp\/v2\/pages\/36\/revisions"}],"wp:attachment":[{"href":"https:\/\/www.geoservicekft.hu\/index.php?rest_route=%2Fwp%2Fv2%2Fmedia&parent=36"}],"curies":[{"name":"wp","href":"https:\/\/api.w.org\/{rel}","templated":true}]}}