{"id":114,"date":"2023-01-10T18:00:59","date_gmt":"2023-01-10T18:00:59","guid":{"rendered":"http:\/\/www.geoservicekft.hu\/?page_id=114"},"modified":"2023-01-10T18:00:59","modified_gmt":"2023-01-10T18:00:59","slug":"kutkamerazas","status":"publish","type":"page","link":"https:\/\/www.geoservicekft.hu\/?page_id=114","title":{"rendered":"K\u00fatkamer\u00e1z\u00e1s"},"content":{"rendered":"\n<p>C\u00e9g\u00fcnk \u00e1llapotfelm\u00e9r\u0151 k\u00fatkamer\u00e1z\u00e1ssal is foglalkozik. Eszk\u00f6zeink el\u0151ren\u00e9z\u0151 illetve 360 fokban k\u00f6rbeforgathat\u00f3 kamer\u00e1k. <\/p>\n\n\n\n<p>Maxim\u00e1lis m\u00e9lys\u00e9g: 2400 m\u00e9ter<\/p>\n\n\n\n<p>Maxim\u00e1lis h\u0151m\u00e9rs\u00e9klet: 115C<\/p>\n\n\n\n<p>Vizsg\u00e1l\u00f3 eszk\u00f6z \u00e1tm\u00e9r\u0151je: 45mm, 50mm, 74mm<\/p>\n\n\n\n<p><\/p>\n","protected":false},"excerpt":{"rendered":"<p>C\u00e9g\u00fcnk \u00e1llapotfelm\u00e9r\u0151 k\u00fatkamer\u00e1z\u00e1ssal is foglalkozik. Eszk\u00f6zeink el\u0151ren\u00e9z\u0151 illetve 360 fokban k\u00f6rbeforgathat\u00f3 kamer\u00e1k. Maxim\u00e1lis m\u00e9lys\u00e9g: 2400 m\u00e9ter Maxim\u00e1lis h\u0151m\u00e9rs\u00e9klet: 115C Vizsg\u00e1l\u00f3 eszk\u00f6z \u00e1tm\u00e9r\u0151je: 45mm, 50mm, 74mm<\/p>\n","protected":false},"author":1,"featured_media":0,"parent":0,"menu_order":0,"comment_status":"closed","ping_status":"closed","template":"","meta":{"footnotes":""},"class_list":["post-114","page","type-page","status-publish","hentry"],"_links":{"self":[{"href":"https:\/\/www.geoservicekft.hu\/index.php?rest_route=\/wp\/v2\/pages\/114","targetHints":{"allow":["GET"]}}],"collection":[{"href":"https:\/\/www.geoservicekft.hu\/index.php?rest_route=\/wp\/v2\/pages"}],"about":[{"href":"https:\/\/www.geoservicekft.hu\/index.php?rest_route=\/wp\/v2\/types\/page"}],"author":[{"embeddable":true,"href":"https:\/\/www.geoservicekft.hu\/index.php?rest_route=\/wp\/v2\/users\/1"}],"replies":[{"embeddable":true,"href":"https:\/\/www.geoservicekft.hu\/index.php?rest_route=%2Fwp%2Fv2%2Fcomments&post=114"}],"version-history":[{"count":1,"href":"https:\/\/www.geoservicekft.hu\/index.php?rest_route=\/wp\/v2\/pages\/114\/revisions"}],"predecessor-version":[{"id":115,"href":"https:\/\/www.geoservicekft.hu\/index.php?rest_route=\/wp\/v2\/pages\/114\/revisions\/115"}],"wp:attachment":[{"href":"https:\/\/www.geoservicekft.hu\/index.php?rest_route=%2Fwp%2Fv2%2Fmedia&parent=114"}],"curies":[{"name":"wp","href":"https:\/\/api.w.org\/{rel}","templated":true}]}}